{"id":4544,"date":"2024-10-19T21:31:39","date_gmt":"2024-10-19T18:31:39","guid":{"rendered":"https:\/\/denizcankizil.tr\/?page_id=4544"},"modified":"2024-10-19T21:32:16","modified_gmt":"2024-10-19T18:32:16","slug":"ucretler","status":"publish","type":"page","link":"https:\/\/denizcankizil.tr\/uk\/ucretler\/","title":{"rendered":"\u00dccretler"},"content":{"rendered":"<h2 class=\"wp-block-heading\"><strong>\u00dcCRETLER<\/strong><\/h2>\n\n\n\n<p>Antalya Barosu, Avukatl\u0131k Asgari \u00dccret Tarifesi<br>Belirtmek gerekir ki, a\u015fa\u011f\u0131daki listede yer alan \u00fccretler, tavsiye niteli\u011findedir, i\u015fin niteli\u011fi, dosyan\u0131n bulundu\u011fu ve gidebilece\u011fi a\u015famalar, \u00fccretin artmas\u0131na veya azalmas\u0131na sebep olabilir.<\/p>\n\n\n\n<p><a href=\"https:\/\/medya.barobirlik.org.tr\/BaroWebSite\/uploads\/7\/ASGAR%C4%B0%20%C3%9CCRET%20TAR%C4%B0FES%C4%B0%2F2024_YILI_TAVSIYE_NITELIGINDEKI_UCRET_TARIFESI.pdf\" data-type=\"link\" data-id=\"https:\/\/medya.barobirlik.org.tr\/BaroWebSite\/uploads\/7\/ASGAR%C4%B0%20%C3%9CCRET%20TAR%C4%B0FES%C4%B0%2F2024_YILI_TAVSIYE_NITELIGINDEKI_UCRET_TARIFESI.pdf\"><strong>2024 ANTALYA BAROSU \u00dcCRET TAR\u0130FES\u0130 \u0130\u00c7\u0130N TIKLAYINIZ.<\/strong><\/a><\/p>\n\n\n\n<p><\/p>","protected":false},"excerpt":{"rendered":"<p>\u00dcCRETLER Antalya Barosu, Avukatl\u0131k Asgari \u00dccret TarifesiBelirtmek gerekir ki, a\u015fa\u011f\u0131daki listede yer alan \u00fccretler, tavsiye niteli\u011findedir, i\u015fin niteli\u011fi, dosyan\u0131n bulundu\u011fu ve gidebilece\u011fi a\u015famalar, \u00fccretin artmas\u0131na veya azalmas\u0131na sebep olabilir. 2024 ANTALYA BAROSU \u00dcCRET TAR\u0130FES\u0130 \u0130\u00c7\u0130N TIKLAYINIZ.<\/p>","protected":false},"author":1,"featured_media":0,"parent":0,"menu_order":0,"comment_status":"closed","ping_status":"closed","template":"","meta":{"_acf_changed":false,"footnotes":""},"class_list":["post-4544","page","type-page","status-publish","hentry"],"acf":[],"yoast_head":"<!-- This site is optimized with the Yoast SEO Premium plugin v26.6 (Yoast SEO v27.1.1) - https:\/\/yoast.com\/product\/yoast-seo-premium-wordpress\/ -->\n<title>\u00dccretler - Av. Deniz Can K\u0131z\u0131l<\/title>\n<meta name=\"robots\" content=\"index, follow, max-snippet:-1, max-image-preview:large, max-video-preview:-1\" \/>\n<link rel=\"canonical\" href=\"https:\/\/denizcankizil.tr\/uk\/ucretler\/\" \/>\n<meta property=\"og:locale\" content=\"uk_UA\" \/>\n<meta property=\"og:type\" content=\"article\" \/>\n<meta property=\"og:title\" content=\"\u00dccretler\" \/>\n<meta property=\"og:description\" content=\"\u00dcCRETLER Antalya Barosu, Avukatl\u0131k Asgari \u00dccret TarifesiBelirtmek gerekir ki, a\u015fa\u011f\u0131daki listede yer alan \u00fccretler, tavsiye niteli\u011findedir, i\u015fin niteli\u011fi, dosyan\u0131n bulundu\u011fu ve gidebilece\u011fi a\u015famalar, \u00fccretin artmas\u0131na veya azalmas\u0131na sebep olabilir. 2024 ANTALYA BAROSU \u00dcCRET TAR\u0130FES\u0130 \u0130\u00c7\u0130N TIKLAYINIZ.\" \/>\n<meta property=\"og:url\" content=\"https:\/\/denizcankizil.tr\/uk\/ucretler\/\" \/>\n<meta property=\"og:site_name\" content=\"Av. Deniz Can K\u0131z\u0131l\" \/>\n<meta property=\"article:modified_time\" content=\"2024-10-19T18:32:16+00:00\" \/>\n<meta name=\"twitter:card\" content=\"summary_large_image\" \/>\n<script type=\"application\/ld+json\" class=\"yoast-schema-graph\">{\"@context\":\"https:\/\/schema.org\",\"@graph\":[{\"@type\":\"WebPage\",\"@id\":\"https:\/\/denizcankizil.tr\/ru\/ucretler\/\",\"url\":\"https:\/\/denizcankizil.tr\/ru\/ucretler\/\",\"name\":\"\u00dccretler - Av. Deniz Can K\u0131z\u0131l\",\"isPartOf\":{\"@id\":\"https:\/\/denizcankizil.tr\/de\/#website\"},\"datePublished\":\"2024-10-19T18:31:39+00:00\",\"dateModified\":\"2024-10-19T18:32:16+00:00\",\"breadcrumb\":{\"@id\":\"https:\/\/denizcankizil.tr\/ru\/ucretler\/#breadcrumb\"},\"inLanguage\":\"uk\",\"potentialAction\":[{\"@type\":\"ReadAction\",\"target\":[\"https:\/\/denizcankizil.tr\/ru\/ucretler\/\"]}]},{\"@type\":\"BreadcrumbList\",\"@id\":\"https:\/\/denizcankizil.tr\/ru\/ucretler\/#breadcrumb\",\"itemListElement\":[{\"@type\":\"ListItem\",\"position\":1,\"name\":\"Home\",\"item\":\"https:\/\/denizcankizil.tr\/de\/\"},{\"@type\":\"ListItem\",\"position\":2,\"name\":\"\u00dccretler\"}]},{\"@type\":\"WebSite\",\"@id\":\"https:\/\/denizcankizil.tr\/de\/#website\",\"url\":\"https:\/\/denizcankizil.tr\/de\/\",\"name\":\"Av. Deniz Can K\u0131z\u0131l\",\"description\":\"Avukat Deniz Can K\u0131z\u0131l Antalya Barosu\",\"publisher\":{\"@id\":\"https:\/\/denizcankizil.tr\/de\/#organization\"},\"potentialAction\":[{\"@type\":\"SearchAction\",\"target\":{\"@type\":\"EntryPoint\",\"urlTemplate\":\"https:\/\/denizcankizil.tr\/de\/?s={search_term_string}\"},\"query-input\":{\"@type\":\"PropertyValueSpecification\",\"valueRequired\":true,\"valueName\":\"search_term_string\"}}],\"inLanguage\":\"uk\"},{\"@type\":\"Organization\",\"@id\":\"https:\/\/denizcankizil.tr\/de\/#organization\",\"name\":\"Av. Deniz Can K\u0131z\u0131l\",\"url\":\"https:\/\/denizcankizil.tr\/de\/\",\"logo\":{\"@type\":\"ImageObject\",\"inLanguage\":\"uk\",\"@id\":\"https:\/\/denizcankizil.tr\/de\/#\/schema\/logo\/image\/\",\"url\":\"https:\/\/denizcankizil.tr\/wp-content\/uploads\/2024\/10\/siyah-logo-svg.svg\",\"contentUrl\":\"https:\/\/denizcankizil.tr\/wp-content\/uploads\/2024\/10\/siyah-logo-svg.svg\",\"width\":1080,\"height\":1080,\"caption\":\"Av. Deniz Can K\u0131z\u0131l\"},\"image\":{\"@id\":\"https:\/\/denizcankizil.tr\/de\/#\/schema\/logo\/image\/\"}}]}<\/script>\n<!-- \/ Yoast SEO Premium plugin. -->","yoast_head_json":{"title":"\u00dccretler - Av. Deniz Can K\u0131z\u0131l","robots":{"index":"index","follow":"follow","max-snippet":"max-snippet:-1","max-image-preview":"max-image-preview:large","max-video-preview":"max-video-preview:-1"},"canonical":"https:\/\/denizcankizil.tr\/uk\/ucretler\/","og_locale":"uk_UA","og_type":"article","og_title":"\u00dccretler","og_description":"\u00dcCRETLER Antalya Barosu, Avukatl\u0131k Asgari \u00dccret TarifesiBelirtmek gerekir ki, a\u015fa\u011f\u0131daki listede yer alan \u00fccretler, tavsiye niteli\u011findedir, i\u015fin niteli\u011fi, dosyan\u0131n bulundu\u011fu ve gidebilece\u011fi a\u015famalar, \u00fccretin artmas\u0131na veya azalmas\u0131na sebep olabilir. 2024 ANTALYA BAROSU \u00dcCRET TAR\u0130FES\u0130 \u0130\u00c7\u0130N TIKLAYINIZ.","og_url":"https:\/\/denizcankizil.tr\/uk\/ucretler\/","og_site_name":"Av. Deniz Can K\u0131z\u0131l","article_modified_time":"2024-10-19T18:32:16+00:00","twitter_card":"summary_large_image","schema":{"@context":"https:\/\/schema.org","@graph":[{"@type":"WebPage","@id":"https:\/\/denizcankizil.tr\/ru\/ucretler\/","url":"https:\/\/denizcankizil.tr\/ru\/ucretler\/","name":"\u00dccretler - Av. Deniz Can K\u0131z\u0131l","isPartOf":{"@id":"https:\/\/denizcankizil.tr\/de\/#website"},"datePublished":"2024-10-19T18:31:39+00:00","dateModified":"2024-10-19T18:32:16+00:00","breadcrumb":{"@id":"https:\/\/denizcankizil.tr\/ru\/ucretler\/#breadcrumb"},"inLanguage":"uk","potentialAction":[{"@type":"ReadAction","target":["https:\/\/denizcankizil.tr\/ru\/ucretler\/"]}]},{"@type":"BreadcrumbList","@id":"https:\/\/denizcankizil.tr\/ru\/ucretler\/#breadcrumb","itemListElement":[{"@type":"ListItem","position":1,"name":"Home","item":"https:\/\/denizcankizil.tr\/de\/"},{"@type":"ListItem","position":2,"name":"\u00dccretler"}]},{"@type":"WebSite","@id":"https:\/\/denizcankizil.tr\/de\/#website","url":"https:\/\/denizcankizil.tr\/de\/","name":"Av. Deniz Can K\u0131z\u0131l","description":"Avukat Deniz Can K\u0131z\u0131l Antalya Barosu","publisher":{"@id":"https:\/\/denizcankizil.tr\/de\/#organization"},"potentialAction":[{"@type":"SearchAction","target":{"@type":"EntryPoint","urlTemplate":"https:\/\/denizcankizil.tr\/de\/?s={search_term_string}"},"query-input":{"@type":"PropertyValueSpecification","valueRequired":true,"valueName":"search_term_string"}}],"inLanguage":"uk"},{"@type":"Organization","@id":"https:\/\/denizcankizil.tr\/de\/#organization","name":"Av. Deniz Can K\u0131z\u0131l","url":"https:\/\/denizcankizil.tr\/de\/","logo":{"@type":"ImageObject","inLanguage":"uk","@id":"https:\/\/denizcankizil.tr\/de\/#\/schema\/logo\/image\/","url":"https:\/\/denizcankizil.tr\/wp-content\/uploads\/2024\/10\/siyah-logo-svg.svg","contentUrl":"https:\/\/denizcankizil.tr\/wp-content\/uploads\/2024\/10\/siyah-logo-svg.svg","width":1080,"height":1080,"caption":"Av. Deniz Can K\u0131z\u0131l"},"image":{"@id":"https:\/\/denizcankizil.tr\/de\/#\/schema\/logo\/image\/"}}]}},"_links":{"self":[{"href":"https:\/\/denizcankizil.tr\/uk\/wp-json\/wp\/v2\/pages\/4544","targetHints":{"allow":["GET"]}}],"collection":[{"href":"https:\/\/denizcankizil.tr\/uk\/wp-json\/wp\/v2\/pages"}],"about":[{"href":"https:\/\/denizcankizil.tr\/uk\/wp-json\/wp\/v2\/types\/page"}],"author":[{"embeddable":true,"href":"https:\/\/denizcankizil.tr\/uk\/wp-json\/wp\/v2\/users\/1"}],"replies":[{"embeddable":true,"href":"https:\/\/denizcankizil.tr\/uk\/wp-json\/wp\/v2\/comments?post=4544"}],"version-history":[{"count":2,"href":"https:\/\/denizcankizil.tr\/uk\/wp-json\/wp\/v2\/pages\/4544\/revisions"}],"predecessor-version":[{"id":4546,"href":"https:\/\/denizcankizil.tr\/uk\/wp-json\/wp\/v2\/pages\/4544\/revisions\/4546"}],"wp:attachment":[{"href":"https:\/\/denizcankizil.tr\/uk\/wp-json\/wp\/v2\/media?parent=4544"}],"curies":[{"name":"wp","href":"https:\/\/api.w.org\/{rel}","templated":true}]}}