{"id":8223,"date":"2024-10-26T14:37:25","date_gmt":"2024-10-26T11:37:25","guid":{"rendered":"https:\/\/denizcankizil.tr\/?page_id=8223"},"modified":"2024-10-26T15:50:06","modified_gmt":"2024-10-26T12:50:06","slug":"mevzuat","status":"publish","type":"page","link":"https:\/\/denizcankizil.tr\/de\/mevzuat\/","title":{"rendered":"Gesetzgebung"},"content":{"rendered":"<div data-elementor-type=\"wp-page\" data-elementor-id=\"8223\" class=\"elementor elementor-8223\">\n\t\t\t\t<div class=\"elementor-element elementor-element-6155b4b e-flex e-con-boxed sticky-no is-skin bg-el bg-inherit bg-light nochange-no bg-no bg-no box-no e-con e-parent\" data-id=\"6155b4b\" data-element_type=\"container\" data-e-type=\"container\">\n\t\t\t\t\t<div class=\"e-con-inner\">\n\t\t\t\t<div class=\"elementor-element elementor-element-37aec21 elementor-widget elementor-widget-theme-page-title\" data-id=\"37aec21\" data-element_type=\"widget\" data-e-type=\"widget\" data-widget_type=\"theme-page-title.default\">\n\t\t\t\t<div class=\"elementor-widget-container\">\n\t\t\t\t\t \t\t\t\t<\/div>\n\t\t\t\t<\/div>\n\t\t\t\t\t<\/div>\n\t\t\t\t<\/div>\n\t\t<div class=\"elementor-element elementor-element-cc40692 e-flex e-con-boxed sticky-no is-skin bg-el bg-inherit bg-light nochange-no bg-no bg-no box-no e-con e-parent\" data-id=\"cc40692\" data-element_type=\"container\" data-e-type=\"container\">\n\t\t\t\t\t<div class=\"e-con-inner\">\n\t\t\t\t\t<\/div>\n\t\t\t\t<\/div>\n\t\t<div class=\"elementor-element elementor-element-0a7932d e-flex e-con-boxed sticky-no is-skin bg-el bg-inherit bg-light nochange-no bg-no bg-no box-no e-con e-parent\" data-id=\"0a7932d\" data-element_type=\"container\" data-e-type=\"container\">\n\t\t\t\t\t<div class=\"e-con-inner\">\n\t\t\t\t<div class=\"elementor-element elementor-element-bca122c elementor-widget elementor-widget-text-editor\" data-id=\"bca122c\" data-element_type=\"widget\" data-e-type=\"widget\" data-widget_type=\"text-editor.default\">\n\t\t\t\t<div class=\"elementor-widget-container\">\n\t\t\t\t\t\t\t\t\t<p><a href=\"https:\/\/denizcankizil.tr\/de\/turk-ceza-kanunu\/\"><strong>T\u00fcrk Ceza Kanunu<\/strong><\/a><br \/><a href=\"https:\/\/denizcankizil.tr\/de\/ceza-muhakemesi-kanunu\/\"><strong>Ceza Muhakemeleri Kanunu<\/strong><\/a><br \/><a href=\"https:\/\/denizcankizil.tr\/de\/turk-medeni-kanunu\/\"><strong>T\u00fcrkisches Zivilgesetzbuch<\/strong><\/a><br \/><a href=\"https:\/\/denizcankizil.tr\/de\/turk-borclar-kanunu\/\"><strong>T\u00fcrk Bor\u00e7lar Kanunu<\/strong><\/a><br \/><a href=\"https:\/\/denizcankizil.tr\/de\/icra-ve-iflas-kanunu\/\"><strong>\u0130cra ve \u0130flas Kanunu<\/strong><\/a><br \/><a href=\"https:\/\/denizcankizil.tr\/de\/hukuk-muhakemeleri-kanunu\/\"><strong>Hukuk Muhakemeleri Kanunu<\/strong><\/a><\/p>\t\t\t\t\t\t\t\t<\/div>\n\t\t\t\t<\/div>\n\t\t\t\t\t<\/div>\n\t\t\t\t<\/div>\n\t\t\t\t<\/div>","protected":false},"excerpt":{"rendered":"<p>T\u00fcrk Ceza KanunuCeza Muhakemeleri KanunuT\u00fcrk Medeni KanunuT\u00fcrk Bor\u00e7lar Kanunu\u0130cra ve \u0130flas KanunuHukuk Muhakemeleri Kanunu<\/p>","protected":false},"author":1,"featured_media":0,"parent":0,"menu_order":0,"comment_status":"closed","ping_status":"closed","template":"","meta":{"_acf_changed":false,"footnotes":""},"class_list":["post-8223","page","type-page","status-publish","hentry"],"acf":[],"yoast_head":"<!-- This site is optimized with the Yoast SEO Premium plugin v26.6 (Yoast SEO v27.1.1) - https:\/\/yoast.com\/product\/yoast-seo-premium-wordpress\/ -->\n<title>Mevzuat - Av. Deniz Can K\u0131z\u0131l<\/title>\n<meta name=\"robots\" content=\"index, follow, max-snippet:-1, max-image-preview:large, max-video-preview:-1\" \/>\n<link rel=\"canonical\" href=\"https:\/\/denizcankizil.tr\/de\/mevzuat\/\" \/>\n<meta property=\"og:locale\" content=\"de_DE\" \/>\n<meta property=\"og:type\" content=\"article\" \/>\n<meta property=\"og:title\" content=\"Mevzuat\" \/>\n<meta property=\"og:description\" content=\"T\u00fcrk Ceza KanunuCeza Muhakemeleri KanunuT\u00fcrk Medeni KanunuT\u00fcrk Bor\u00e7lar Kanunu\u0130cra ve \u0130flas KanunuHukuk Muhakemeleri Kanunu\" \/>\n<meta property=\"og:url\" content=\"https:\/\/denizcankizil.tr\/de\/mevzuat\/\" \/>\n<meta property=\"og:site_name\" content=\"Av. Deniz Can K\u0131z\u0131l\" \/>\n<meta property=\"article:modified_time\" content=\"2024-10-26T12:50:06+00:00\" \/>\n<meta name=\"twitter:card\" content=\"summary_large_image\" \/>\n<script type=\"application\/ld+json\" class=\"yoast-schema-graph\">{\"@context\":\"https:\/\/schema.org\",\"@graph\":[{\"@type\":\"WebPage\",\"@id\":\"https:\/\/denizcankizil.tr\/uk\/mevzuat\/\",\"url\":\"https:\/\/denizcankizil.tr\/uk\/mevzuat\/\",\"name\":\"Mevzuat - Av. Deniz Can K\u0131z\u0131l\",\"isPartOf\":{\"@id\":\"https:\/\/denizcankizil.tr\/#website\"},\"datePublished\":\"2024-10-26T11:37:25+00:00\",\"dateModified\":\"2024-10-26T12:50:06+00:00\",\"breadcrumb\":{\"@id\":\"https:\/\/denizcankizil.tr\/uk\/mevzuat\/#breadcrumb\"},\"inLanguage\":\"de\",\"potentialAction\":[{\"@type\":\"ReadAction\",\"target\":[\"https:\/\/denizcankizil.tr\/uk\/mevzuat\/\"]}]},{\"@type\":\"BreadcrumbList\",\"@id\":\"https:\/\/denizcankizil.tr\/uk\/mevzuat\/#breadcrumb\",\"itemListElement\":[{\"@type\":\"ListItem\",\"position\":1,\"name\":\"Home\",\"item\":\"https:\/\/denizcankizil.tr\/en\/\"},{\"@type\":\"ListItem\",\"position\":2,\"name\":\"Mevzuat\"}]},{\"@type\":\"WebSite\",\"@id\":\"https:\/\/denizcankizil.tr\/#website\",\"url\":\"https:\/\/denizcankizil.tr\/\",\"name\":\"Av. Deniz Can K\u0131z\u0131l\",\"description\":\"Avukat Deniz Can K\u0131z\u0131l Antalya Barosu\",\"publisher\":{\"@id\":\"https:\/\/denizcankizil.tr\/#organization\"},\"potentialAction\":[{\"@type\":\"SearchAction\",\"target\":{\"@type\":\"EntryPoint\",\"urlTemplate\":\"https:\/\/denizcankizil.tr\/?s={search_term_string}\"},\"query-input\":{\"@type\":\"PropertyValueSpecification\",\"valueRequired\":true,\"valueName\":\"search_term_string\"}}],\"inLanguage\":\"de\"},{\"@type\":\"Organization\",\"@id\":\"https:\/\/denizcankizil.tr\/#organization\",\"name\":\"Av. Deniz Can K\u0131z\u0131l\",\"url\":\"https:\/\/denizcankizil.tr\/\",\"logo\":{\"@type\":\"ImageObject\",\"inLanguage\":\"de\",\"@id\":\"https:\/\/denizcankizil.tr\/#\/schema\/logo\/image\/\",\"url\":\"https:\/\/denizcankizil.tr\/wp-content\/uploads\/2024\/10\/siyah-logo-svg.svg\",\"contentUrl\":\"https:\/\/denizcankizil.tr\/wp-content\/uploads\/2024\/10\/siyah-logo-svg.svg\",\"width\":1080,\"height\":1080,\"caption\":\"Av. Deniz Can K\u0131z\u0131l\"},\"image\":{\"@id\":\"https:\/\/denizcankizil.tr\/#\/schema\/logo\/image\/\"}}]}<\/script>\n<!-- \/ Yoast SEO Premium plugin. -->","yoast_head_json":{"title":"Mevzuat - Av. Deniz Can K\u0131z\u0131l","robots":{"index":"index","follow":"follow","max-snippet":"max-snippet:-1","max-image-preview":"max-image-preview:large","max-video-preview":"max-video-preview:-1"},"canonical":"https:\/\/denizcankizil.tr\/de\/mevzuat\/","og_locale":"de_DE","og_type":"article","og_title":"Mevzuat","og_description":"T\u00fcrk Ceza KanunuCeza Muhakemeleri KanunuT\u00fcrk Medeni KanunuT\u00fcrk Bor\u00e7lar Kanunu\u0130cra ve \u0130flas KanunuHukuk Muhakemeleri Kanunu","og_url":"https:\/\/denizcankizil.tr\/de\/mevzuat\/","og_site_name":"Av. Deniz Can K\u0131z\u0131l","article_modified_time":"2024-10-26T12:50:06+00:00","twitter_card":"summary_large_image","schema":{"@context":"https:\/\/schema.org","@graph":[{"@type":"WebPage","@id":"https:\/\/denizcankizil.tr\/uk\/mevzuat\/","url":"https:\/\/denizcankizil.tr\/uk\/mevzuat\/","name":"Mevzuat - Av. Deniz Can K\u0131z\u0131l","isPartOf":{"@id":"https:\/\/denizcankizil.tr\/#website"},"datePublished":"2024-10-26T11:37:25+00:00","dateModified":"2024-10-26T12:50:06+00:00","breadcrumb":{"@id":"https:\/\/denizcankizil.tr\/uk\/mevzuat\/#breadcrumb"},"inLanguage":"de","potentialAction":[{"@type":"ReadAction","target":["https:\/\/denizcankizil.tr\/uk\/mevzuat\/"]}]},{"@type":"BreadcrumbList","@id":"https:\/\/denizcankizil.tr\/uk\/mevzuat\/#breadcrumb","itemListElement":[{"@type":"ListItem","position":1,"name":"Home","item":"https:\/\/denizcankizil.tr\/en\/"},{"@type":"ListItem","position":2,"name":"Mevzuat"}]},{"@type":"WebSite","@id":"https:\/\/denizcankizil.tr\/#website","url":"https:\/\/denizcankizil.tr\/","name":"Av. Deniz Can K\u0131z\u0131l","description":"Avukat Deniz Can K\u0131z\u0131l Antalya Barosu","publisher":{"@id":"https:\/\/denizcankizil.tr\/#organization"},"potentialAction":[{"@type":"SearchAction","target":{"@type":"EntryPoint","urlTemplate":"https:\/\/denizcankizil.tr\/?s={search_term_string}"},"query-input":{"@type":"PropertyValueSpecification","valueRequired":true,"valueName":"search_term_string"}}],"inLanguage":"de"},{"@type":"Organization","@id":"https:\/\/denizcankizil.tr\/#organization","name":"Av. Deniz Can K\u0131z\u0131l","url":"https:\/\/denizcankizil.tr\/","logo":{"@type":"ImageObject","inLanguage":"de","@id":"https:\/\/denizcankizil.tr\/#\/schema\/logo\/image\/","url":"https:\/\/denizcankizil.tr\/wp-content\/uploads\/2024\/10\/siyah-logo-svg.svg","contentUrl":"https:\/\/denizcankizil.tr\/wp-content\/uploads\/2024\/10\/siyah-logo-svg.svg","width":1080,"height":1080,"caption":"Av. Deniz Can K\u0131z\u0131l"},"image":{"@id":"https:\/\/denizcankizil.tr\/#\/schema\/logo\/image\/"}}]}},"_links":{"self":[{"href":"https:\/\/denizcankizil.tr\/de\/wp-json\/wp\/v2\/pages\/8223","targetHints":{"allow":["GET"]}}],"collection":[{"href":"https:\/\/denizcankizil.tr\/de\/wp-json\/wp\/v2\/pages"}],"about":[{"href":"https:\/\/denizcankizil.tr\/de\/wp-json\/wp\/v2\/types\/page"}],"author":[{"embeddable":true,"href":"https:\/\/denizcankizil.tr\/de\/wp-json\/wp\/v2\/users\/1"}],"replies":[{"embeddable":true,"href":"https:\/\/denizcankizil.tr\/de\/wp-json\/wp\/v2\/comments?post=8223"}],"version-history":[{"count":4,"href":"https:\/\/denizcankizil.tr\/de\/wp-json\/wp\/v2\/pages\/8223\/revisions"}],"predecessor-version":[{"id":8309,"href":"https:\/\/denizcankizil.tr\/de\/wp-json\/wp\/v2\/pages\/8223\/revisions\/8309"}],"wp:attachment":[{"href":"https:\/\/denizcankizil.tr\/de\/wp-json\/wp\/v2\/media?parent=8223"}],"curies":[{"name":"wp","href":"https:\/\/api.w.org\/{rel}","templated":true}]}}